{"id":1249,"date":"2021-06-10T08:57:06","date_gmt":"2021-06-10T07:57:06","guid":{"rendered":"https:\/\/www.zurwerra.ch\/zurwerra\/?page_id=1249"},"modified":"2021-06-10T09:31:47","modified_gmt":"2021-06-10T08:31:47","slug":"scania-110-super","status":"publish","type":"page","link":"https:\/\/www.zurwerra.ch\/zurwerra\/?page_id=1249","title":{"rendered":"Scania 110 Super"},"content":{"rendered":"<div class=\"fusion-fullwidth fullwidth-box fusion-builder-row-1 fusion-flex-container nonhundred-percent-fullwidth non-hundred-percent-height-scrolling\" style=\"--awb-border-radius-top-left:0px;--awb-border-radius-top-right:0px;--awb-border-radius-bottom-right:0px;--awb-border-radius-bottom-left:0px;--awb-flex-wrap:wrap;\" ><div class=\"fusion-builder-row fusion-row fusion-flex-align-items-flex-start fusion-flex-content-wrap\" style=\"max-width:1248px;margin-left: calc(-4% \/ 2 );margin-right: calc(-4% \/ 2 );\"><div class=\"fusion-layout-column fusion_builder_column fusion-builder-column-0 fusion_builder_column_1_1 1_1 fusion-flex-column\" style=\"--awb-bg-size:cover;--awb-width-large:100%;--awb-margin-top-large:0px;--awb-spacing-right-large:1.92%;--awb-margin-bottom-large:20px;--awb-spacing-left-large:1.92%;--awb-width-medium:100%;--awb-order-medium:0;--awb-spacing-right-medium:1.92%;--awb-spacing-left-medium:1.92%;--awb-width-small:100%;--awb-order-small:0;--awb-spacing-right-small:1.92%;--awb-spacing-left-small:1.92%;\"><div class=\"fusion-column-wrapper fusion-column-has-shadow fusion-flex-justify-content-flex-start fusion-content-layout-column\"><div class=\"fusion-text fusion-text-1\"><p>Vor dreizehn Jahren verkauften wir den Lastwagen \u201eScania 110 Super\u201c nach Holland, an die Gebr\u00fcder Swaanen, welche in einem kleinen Dorf namens Aarle Rixtel wohnen. In \u00fcber 1000 Arbeitsstunden zerlegte Jos Swaanen den LKW und restaurierte das Fahrzeug von Grund auf. Unser Scania erhielt ein neues Outfit und wurde von Jos auf den Name \u201cLotte\u201d getauft.<br \/>\nIm Fr\u00fchjahr 2011 fand Lotte den Weg zur\u00fcck ins heimatliche Wallis, nachdem Stefan Zurwerra den Lastwagen zur\u00fcckgekauft hatte..<\/p>\n<\/div><div class=\"awb-gallery-wrapper awb-gallery-wrapper-1 button-span-no\"><div style=\"margin:-5px;--awb-bordersize:0px;\" class=\"fusion-gallery fusion-gallery-container fusion-grid-2 fusion-columns-total-3 fusion-gallery-layout-masonry fusion-gallery-1\"><div class=\"fusion-grid-column fusion-gallery-column fusion-gallery-column-2 hover-type-none fusion-grid-sizer\"><\/div><div style=\"padding:5px;\" class=\"fusion-grid-column fusion-gallery-column fusion-gallery-column-2 hover-type-none fusion-element-grid\"><div class=\"fusion-gallery-image\"><a href=\"https:\/\/www.zurwerra.ch\/zurwerra\/\/wp-content\/uploads\/2011\/09\/Scania_Zurwerra_Rudolf.jpg\" data-caption=\"Scania 110 Super - Rudolf Zurwerra &lt;br \/&gt;Ried-Brig\" rel=\"noreferrer\" data-rel=\"iLightbox[gallery_image_1]\" class=\"fusion-lightbox\" target=\"_self\"><div style=\"padding-top:calc((100% + 10px) * 0.8 - 5px);background-position:;\" class=\"fusion-masonry-element-container lazyload\" data-bg=\"https:\/\/www.zurwerra.ch\/zurwerra\/\/wp-content\/uploads\/2011\/09\/Scania_Zurwerra_Rudolf.jpg\"><img decoding=\"async\" src=\"data:image\/svg+xml,%3Csvg%20xmlns%3D%27http%3A%2F%2Fwww.w3.org%2F2000%2Fsvg%27%20width%3D%271024%27%20height%3D%27666%27%20viewBox%3D%270%200%201024%20666%27%3E%3Crect%20width%3D%271024%27%20height%3D%27666%27%20fill-opacity%3D%220%22%2F%3E%3C%2Fsvg%3E\" data-orig-src=\"https:\/\/www.zurwerra.ch\/zurwerra\/\/wp-content\/uploads\/2011\/09\/Scania_Zurwerra_Rudolf.jpg\" width=\"1024\" height=\"666\" alt=\"\" title=\"Scania_Zurwerra_Rudolf\" aria-label=\"Scania_Zurwerra_Rudolf\" class=\"lazyload img-responsive wp-image-181\"  \/><\/div><\/a><\/div><\/div><div style=\"padding:5px;\" class=\"fusion-grid-column fusion-gallery-column fusion-gallery-column-2 hover-type-none fusion-element-grid\"><div class=\"fusion-gallery-image\"><a href=\"https:\/\/www.zurwerra.ch\/zurwerra\/\/wp-content\/uploads\/2011\/09\/Schwertransport.jpg\" data-caption=\"R\u00fccktransport von Aarle Rixtel Holland in die Schweiz\" rel=\"noreferrer\" data-rel=\"iLightbox[gallery_image_1]\" class=\"fusion-lightbox\" target=\"_self\"><div style=\"padding-top:calc((100% + 10px) * 0.8 - 5px);background-position:;\" class=\"fusion-masonry-element-container lazyload\" data-bg=\"https:\/\/www.zurwerra.ch\/zurwerra\/\/wp-content\/uploads\/2011\/09\/Schwertransport.jpg\"><img decoding=\"async\" src=\"data:image\/svg+xml,%3Csvg%20xmlns%3D%27http%3A%2F%2Fwww.w3.org%2F2000%2Fsvg%27%20width%3D%271024%27%20height%3D%27741%27%20viewBox%3D%270%200%201024%20741%27%3E%3Crect%20width%3D%271024%27%20height%3D%27741%27%20fill-opacity%3D%220%22%2F%3E%3C%2Fsvg%3E\" data-orig-src=\"https:\/\/www.zurwerra.ch\/zurwerra\/\/wp-content\/uploads\/2011\/09\/Schwertransport.jpg\" width=\"1024\" height=\"741\" alt=\"\" title=\"Schwertransport\" aria-label=\"Schwertransport\" class=\"lazyload img-responsive wp-image-182\"  \/><\/div><\/a><\/div><\/div><div style=\"padding:5px;\" class=\"fusion-grid-column fusion-gallery-column fusion-gallery-column-2 hover-type-none fusion-element-grid\"><div class=\"fusion-gallery-image\"><a href=\"https:\/\/www.zurwerra.ch\/zurwerra\/\/wp-content\/uploads\/2011\/09\/Scania_Swaanen.jpg\" data-caption=\"Scania 110 Super - &quot;Lotte&quot; - Swaanen Arle Rixtel\" rel=\"noreferrer\" data-rel=\"iLightbox[gallery_image_1]\" class=\"fusion-lightbox\" target=\"_self\"><div style=\"padding-top:calc((100% + 10px) * 0.8 - 5px);background-position:;\" class=\"fusion-masonry-element-container lazyload\" data-bg=\"https:\/\/www.zurwerra.ch\/zurwerra\/\/wp-content\/uploads\/2011\/09\/Scania_Swaanen.jpg\"><img decoding=\"async\" src=\"data:image\/svg+xml,%3Csvg%20xmlns%3D%27http%3A%2F%2Fwww.w3.org%2F2000%2Fsvg%27%20width%3D%271024%27%20height%3D%27768%27%20viewBox%3D%270%200%201024%20768%27%3E%3Crect%20width%3D%271024%27%20height%3D%27768%27%20fill-opacity%3D%220%22%2F%3E%3C%2Fsvg%3E\" data-orig-src=\"https:\/\/www.zurwerra.ch\/zurwerra\/\/wp-content\/uploads\/2011\/09\/Scania_Swaanen.jpg\" width=\"1024\" height=\"768\" alt=\"\" title=\"Scania_Swaanen\" aria-label=\"Scania_Swaanen\" class=\"lazyload img-responsive wp-image-183\"  \/><\/div><\/a><\/div><\/div><\/div><\/div><\/div><\/div><\/div><\/div>\n","protected":false},"excerpt":{"rendered":"","protected":false},"author":1,"featured_media":0,"parent":0,"menu_order":0,"comment_status":"closed","ping_status":"closed","template":"","meta":{"ngg_post_thumbnail":0,"footnotes":""},"class_list":["post-1249","page","type-page","status-publish","hentry"],"_links":{"self":[{"href":"https:\/\/www.zurwerra.ch\/zurwerra\/index.php?rest_route=\/wp\/v2\/pages\/1249","targetHints":{"allow":["GET"]}}],"collection":[{"href":"https:\/\/www.zurwerra.ch\/zurwerra\/index.php?rest_route=\/wp\/v2\/pages"}],"about":[{"href":"https:\/\/www.zurwerra.ch\/zurwerra\/index.php?rest_route=\/wp\/v2\/types\/page"}],"author":[{"embeddable":true,"href":"https:\/\/www.zurwerra.ch\/zurwerra\/index.php?rest_route=\/wp\/v2\/users\/1"}],"replies":[{"embeddable":true,"href":"https:\/\/www.zurwerra.ch\/zurwerra\/index.php?rest_route=%2Fwp%2Fv2%2Fcomments&post=1249"}],"version-history":[{"count":3,"href":"https:\/\/www.zurwerra.ch\/zurwerra\/index.php?rest_route=\/wp\/v2\/pages\/1249\/revisions"}],"predecessor-version":[{"id":1265,"href":"https:\/\/www.zurwerra.ch\/zurwerra\/index.php?rest_route=\/wp\/v2\/pages\/1249\/revisions\/1265"}],"wp:attachment":[{"href":"https:\/\/www.zurwerra.ch\/zurwerra\/index.php?rest_route=%2Fwp%2Fv2%2Fmedia&parent=1249"}],"curies":[{"name":"wp","href":"https:\/\/api.w.org\/{rel}","templated":true}]}}